{"id":519,"date":"2025-04-26T17:18:10","date_gmt":"2025-04-26T15:18:10","guid":{"rendered":"https:\/\/rfinances.fr\/?page_id=519"},"modified":"2025-09-24T14:32:11","modified_gmt":"2025-09-24T12:32:11","slug":"locations","status":"publish","type":"page","link":"https:\/\/rfinances.fr\/index.php\/locations\/","title":{"rendered":"Locations"},"content":{"rendered":"\n<div id=\"wp-block-themeisle-blocks-button-group-4bea434d\" class=\"wp-block-themeisle-blocks-button-group wp-block-buttons align-center-desktop\">\n<div id=\"wp-block-themeisle-blocks-button-e4cbbbeb\" class=\"wp-block-themeisle-blocks-button wp-block-button\"><a href=\"https:\/\/rfinances.desk.community\/\" target=\"_self\" rel=\"noopener noreferrer\" class=\"wp-block-button__link\"><span>R\u00e9server votre location ici<\/span><\/a><\/div>\n<\/div>\n\n\n\n<p>D\u00e9couvrez notre espace de travail moderne et fonctionnel, id\u00e9alement situ\u00e9 au 38 Cours Fauriel \u00e0 Saint-\u00c9tienne. <\/p>\n\n\n\n<p>Cet espace comprend : <\/p>\n\n\n\n<ul class=\"wp-block-list\">\n<li>4 postes de travail : Parfait pour les \u00e9quipes collaboratives ou les ind\u00e9pendants cherchant un environnement dynamique.<\/li>\n\n\n\n<li>1 bureau individuel : Offrant tranquillit\u00e9 et concentration pour les t\u00e2ches n\u00e9cessitant plus de confidentialit\u00e9.<\/li>\n\n\n\n<li>1 salle de r\u00e9union : \u00c9quip\u00e9e pour accueillir vos r\u00e9unions, pr\u00e9sentations et sessions de brainstorming. <\/li>\n\n\n\n<li>Cuisine \u00e9quip\u00e9e : Profitez de notre cuisine avec machine \u00e0 caf\u00e9 pour vos pauses et repas. <\/li>\n\n\n\n<li>Une superbe terrasse (\u00e0 venir)<\/li>\n<\/ul>\n\n\n\n<p>Cet espace est con\u00e7u pour favoriser la productivit\u00e9 et le bien-\u00eatre, avec des installations modernes et un emplacement central. Venez d\u00e9couvrir un lieu o\u00f9 travail et confort se rencontrent.<\/p>\n\n\n\n<p><\/p>\n\n\n\n<div id=\"wp-block-themeisle-blocks-tabs-3323a8f4\" class=\"wp-block-themeisle-blocks-tabs\"><div class=\"wp-block-themeisle-blocks-tabs__content\">\n<div data-title=\"Salle de r\u00e9union\" class=\"wp-block-themeisle-blocks-tabs-item\"><div class=\"wp-block-themeisle-blocks-tabs-item__header\" tabindex=\"0\">Salle de r\u00e9union<\/div><div class=\"wp-block-themeisle-blocks-tabs-item__content\">\n<figure class=\"wp-block-image size-large is-resized\"><img alt=\"Salle de r\u00e9union\" loading=\"lazy\" decoding=\"async\" width=\"1024\" height=\"768\" src=\"https:\/\/rfinances.fr\/wp-content\/uploads\/2025\/04\/20250410_141451-1024x768.jpg\" alt=\"\" class=\"wp-image-527\" style=\"width:391px;height:auto\" srcset=\"https:\/\/rfinances.fr\/wp-content\/uploads\/2025\/04\/20250410_141451-1024x768.jpg 1024w, https:\/\/rfinances.fr\/wp-content\/uploads\/2025\/04\/20250410_141451-300x225.jpg 300w, https:\/\/rfinances.fr\/wp-content\/uploads\/2025\/04\/20250410_141451-768x576.jpg 768w, https:\/\/rfinances.fr\/wp-content\/uploads\/2025\/04\/20250410_141451-1536x1152.jpg 1536w, https:\/\/rfinances.fr\/wp-content\/uploads\/2025\/04\/20250410_141451-2048x1536.jpg 2048w\" sizes=\"auto, (max-width: 1024px) 100vw, 1024px\" \/><\/figure>\n<\/div><\/div>\n\n\n\n<div data-title=\"Bureau individuel\" class=\"wp-block-themeisle-blocks-tabs-item\"><div class=\"wp-block-themeisle-blocks-tabs-item__header\" tabindex=\"0\">Bureau individuel<\/div><div class=\"wp-block-themeisle-blocks-tabs-item__content\">\n<p><\/p>\n\n\n\n<figure class=\"wp-block-image size-large is-resized\"><img alt=\"Bureau individuel\" loading=\"lazy\" decoding=\"async\" width=\"1024\" height=\"768\" src=\"https:\/\/rfinances.fr\/wp-content\/uploads\/2025\/04\/20250426_162545-1024x768.jpg\" alt=\"\" class=\"wp-image-515\" style=\"width:392px;height:auto\" srcset=\"https:\/\/rfinances.fr\/wp-content\/uploads\/2025\/04\/20250426_162545-1024x768.jpg 1024w, https:\/\/rfinances.fr\/wp-content\/uploads\/2025\/04\/20250426_162545-300x225.jpg 300w, https:\/\/rfinances.fr\/wp-content\/uploads\/2025\/04\/20250426_162545-768x576.jpg 768w, https:\/\/rfinances.fr\/wp-content\/uploads\/2025\/04\/20250426_162545-1536x1152.jpg 1536w, https:\/\/rfinances.fr\/wp-content\/uploads\/2025\/04\/20250426_162545-2048x1536.jpg 2048w\" sizes=\"auto, (max-width: 1024px) 100vw, 1024px\" \/><\/figure>\n<\/div><\/div>\n\n\n\n<div data-title=\"Poste de travail\" class=\"wp-block-themeisle-blocks-tabs-item\"><div class=\"wp-block-themeisle-blocks-tabs-item__header\" tabindex=\"0\">Poste de travail<\/div><div class=\"wp-block-themeisle-blocks-tabs-item__content\">\n<figure class=\"wp-block-image alignleft size-large is-resized\"><img alt=\"Espace de travail\" loading=\"lazy\" decoding=\"async\" width=\"1024\" height=\"768\" src=\"https:\/\/rfinances.fr\/wp-content\/uploads\/2025\/04\/20250426_162337-1024x768.jpg\" alt=\"\" class=\"wp-image-517\" style=\"width:374px;height:auto\" srcset=\"https:\/\/rfinances.fr\/wp-content\/uploads\/2025\/04\/20250426_162337-1024x768.jpg 1024w, https:\/\/rfinances.fr\/wp-content\/uploads\/2025\/04\/20250426_162337-300x225.jpg 300w, https:\/\/rfinances.fr\/wp-content\/uploads\/2025\/04\/20250426_162337-768x576.jpg 768w, https:\/\/rfinances.fr\/wp-content\/uploads\/2025\/04\/20250426_162337-1536x1152.jpg 1536w, https:\/\/rfinances.fr\/wp-content\/uploads\/2025\/04\/20250426_162337-2048x1536.jpg 2048w\" sizes=\"auto, (max-width: 1024px) 100vw, 1024px\" \/><\/figure>\n\n\n\n<figure class=\"wp-block-image alignleft size-large is-resized\"><img alt=\"Espace de travail\" loading=\"lazy\" decoding=\"async\" width=\"1024\" height=\"768\" src=\"https:\/\/rfinances.fr\/wp-content\/uploads\/2025\/04\/20250426_162313-1024x768.jpg\" alt=\"\" class=\"wp-image-516\" style=\"width:378px;height:auto\" srcset=\"https:\/\/rfinances.fr\/wp-content\/uploads\/2025\/04\/20250426_162313-1024x768.jpg 1024w, https:\/\/rfinances.fr\/wp-content\/uploads\/2025\/04\/20250426_162313-300x225.jpg 300w, https:\/\/rfinances.fr\/wp-content\/uploads\/2025\/04\/20250426_162313-768x576.jpg 768w, https:\/\/rfinances.fr\/wp-content\/uploads\/2025\/04\/20250426_162313-1536x1152.jpg 1536w, https:\/\/rfinances.fr\/wp-content\/uploads\/2025\/04\/20250426_162313-2048x1536.jpg 2048w\" sizes=\"auto, (max-width: 1024px) 100vw, 1024px\" \/><\/figure>\n<\/div><\/div>\n\n\n\n<div data-title=\"Cuisine\" class=\"wp-block-themeisle-blocks-tabs-item\"><div class=\"wp-block-themeisle-blocks-tabs-item__header\" tabindex=\"0\">Cuisine<\/div><div class=\"wp-block-themeisle-blocks-tabs-item__content\">\n<figure class=\"wp-block-image alignleft size-large is-resized\"><img alt=\"Cuisine\" loading=\"lazy\" decoding=\"async\" width=\"1024\" height=\"768\" src=\"https:\/\/rfinances.fr\/wp-content\/uploads\/2025\/04\/20250426_163744-1024x768.jpg\" alt=\"\" class=\"wp-image-528\" style=\"width:435px;height:auto\" srcset=\"https:\/\/rfinances.fr\/wp-content\/uploads\/2025\/04\/20250426_163744-1024x768.jpg 1024w, https:\/\/rfinances.fr\/wp-content\/uploads\/2025\/04\/20250426_163744-300x225.jpg 300w, https:\/\/rfinances.fr\/wp-content\/uploads\/2025\/04\/20250426_163744-768x576.jpg 768w, https:\/\/rfinances.fr\/wp-content\/uploads\/2025\/04\/20250426_163744-1536x1152.jpg 1536w, https:\/\/rfinances.fr\/wp-content\/uploads\/2025\/04\/20250426_163744-2048x1536.jpg 2048w\" sizes=\"auto, (max-width: 1024px) 100vw, 1024px\" \/><\/figure>\n\n\n\n<figure class=\"wp-block-image alignleft size-large is-resized\"><img alt=\"Cuisine\" loading=\"lazy\" decoding=\"async\" width=\"1024\" height=\"768\" src=\"https:\/\/rfinances.fr\/wp-content\/uploads\/2025\/04\/20250426_163706-1024x768.jpg\" alt=\"\" class=\"wp-image-529\" style=\"width:443px;height:auto\" srcset=\"https:\/\/rfinances.fr\/wp-content\/uploads\/2025\/04\/20250426_163706-1024x768.jpg 1024w, https:\/\/rfinances.fr\/wp-content\/uploads\/2025\/04\/20250426_163706-300x225.jpg 300w, https:\/\/rfinances.fr\/wp-content\/uploads\/2025\/04\/20250426_163706-768x576.jpg 768w, https:\/\/rfinances.fr\/wp-content\/uploads\/2025\/04\/20250426_163706-1536x1152.jpg 1536w, https:\/\/rfinances.fr\/wp-content\/uploads\/2025\/04\/20250426_163706-2048x1536.jpg 2048w\" sizes=\"auto, (max-width: 1024px) 100vw, 1024px\" \/><\/figure>\n<\/div><\/div>\n<\/div><\/div>\n\n\n\n<div id=\"wp-block-themeisle-blocks-icon-list-65439e45\" class=\"wp-block-themeisle-blocks-icon-list\">\n<div id=\"wp-block-themeisle-blocks-icon-list-item-6580575e\" class=\"wp-block-themeisle-blocks-icon-list-item\"><i class=\"fas fa-check wp-block-themeisle-blocks-icon-list-item-icon-custom\"><\/i><p class=\"wp-block-themeisle-blocks-icon-list-item-content\">Internet haut d\u00e9bit<\/p><\/div>\n\n\n\n<div id=\"wp-block-themeisle-blocks-icon-list-item-f1aa2eb4\" class=\"wp-block-themeisle-blocks-icon-list-item\"><i class=\"fas fa-check wp-block-themeisle-blocks-icon-list-item-icon-custom\"><\/i><p class=\"wp-block-themeisle-blocks-icon-list-item-content\">Cuisine<\/p><\/div>\n\n\n\n<div id=\"wp-block-themeisle-blocks-icon-list-item-c8003010\" class=\"wp-block-themeisle-blocks-icon-list-item\"><i class=\"fas fa-check wp-block-themeisle-blocks-icon-list-item-icon-custom\"><\/i><p class=\"wp-block-themeisle-blocks-icon-list-item-content\">Caf\u00e9<\/p><\/div>\n\n\n\n<div id=\"wp-block-themeisle-blocks-icon-list-item-83f5cef2\" class=\"wp-block-themeisle-blocks-icon-list-item\"><i class=\"fas fa-check wp-block-themeisle-blocks-icon-list-item-icon-custom\"><\/i><p class=\"wp-block-themeisle-blocks-icon-list-item-content\">Chauffage<\/p><\/div>\n\n\n\n<div id=\"wp-block-themeisle-blocks-icon-list-item-5db830eb\" class=\"wp-block-themeisle-blocks-icon-list-item\"><i class=\"fas fa-check wp-block-themeisle-blocks-icon-list-item-icon-custom\"><\/i><p class=\"wp-block-themeisle-blocks-icon-list-item-content\">Bonne humeur<\/p><\/div>\n\n\n\n<div id=\"wp-block-themeisle-blocks-icon-list-item-bce6c584\" class=\"wp-block-themeisle-blocks-icon-list-item\"><i class=\"fas fa-check wp-block-themeisle-blocks-icon-list-item-icon\"><\/i><p class=\"wp-block-themeisle-blocks-icon-list-item-content\">Terrasse (a venir prochainement)<\/p><\/div>\n<\/div>\n\n\n\n<p><\/p>\n\n\n\n<p><\/p>\n","protected":false},"excerpt":{"rendered":"<p>D\u00e9couvrez notre espace de travail moderne et fonctionnel, id\u00e9alement situ\u00e9 au 38 Cours Fauriel \u00e0 Saint-\u00c9tienne. Cet espace comprend : Cet espace est con\u00e7u pour favoriser la productivit\u00e9 et le bien-\u00eatre, avec des installations modernes et un emplacement central. Venez d\u00e9couvrir un lieu o\u00f9 travail et confort se rencontrent.<\/p>\n","protected":false},"author":1,"featured_media":0,"parent":0,"menu_order":0,"comment_status":"closed","ping_status":"closed","template":"","meta":{"_seopress_robots_primary_cat":"","_seopress_titles_title":"Coworking, locations de bureaux - 38 cours Fauriel Saint-Etienne","_seopress_titles_desc":"Coworking, bureaux et salles de r\u00e9union au 38 cours Fauriel, Saint-\u00c9tienne.\nEspace moderne et flexible pour vos besoins professionnels.","_seopress_robots_index":"","site-sidebar-layout":"default","site-content-layout":"","ast-site-content-layout":"default","site-content-style":"default","site-sidebar-style":"default","ast-global-header-display":"","ast-banner-title-visibility":"","ast-main-header-display":"","ast-hfb-above-header-display":"","ast-hfb-below-header-display":"","ast-hfb-mobile-header-display":"","site-post-title":"","ast-breadcrumbs-content":"","ast-featured-img":"","footer-sml-layout":"","theme-transparent-header-meta":"","adv-header-id-meta":"","stick-header-meta":"","header-above-stick-meta":"","header-main-stick-meta":"","header-below-stick-meta":"","astra-migrate-meta-layouts":"set","ast-page-background-enabled":"default","ast-page-background-meta":{"desktop":{"background-color":"var(--ast-global-color-4)","background-image":"","background-repeat":"repeat","background-position":"center center","background-size":"auto","background-attachment":"scroll","background-type":"","background-media":"","overlay-type":"","overlay-color":"","overlay-opacity":"","overlay-gradient":""},"tablet":{"background-color":"","background-image":"","background-repeat":"repeat","background-position":"center center","background-size":"auto","background-attachment":"scroll","background-type":"","background-media":"","overlay-type":"","overlay-color":"","overlay-opacity":"","overlay-gradient":""},"mobile":{"background-color":"","background-image":"","background-repeat":"repeat","background-position":"center center","background-size":"auto","background-attachment":"scroll","background-type":"","background-media":"","overlay-type":"","overlay-color":"","overlay-opacity":"","overlay-gradient":""}},"ast-content-background-meta":{"desktop":{"background-color":"var(--ast-global-color-5)","background-image":"","background-repeat":"repeat","background-position":"center center","background-size":"auto","background-attachment":"scroll","background-type":"","background-media":"","overlay-type":"","overlay-color":"","overlay-opacity":"","overlay-gradient":""},"tablet":{"background-color":"var(--ast-global-color-5)","background-image":"","background-repeat":"repeat","background-position":"center center","background-size":"auto","background-attachment":"scroll","background-type":"","background-media":"","overlay-type":"","overlay-color":"","overlay-opacity":"","overlay-gradient":""},"mobile":{"background-color":"var(--ast-global-color-5)","background-image":"","background-repeat":"repeat","background-position":"center center","background-size":"auto","background-attachment":"scroll","background-type":"","background-media":"","overlay-type":"","overlay-color":"","overlay-opacity":"","overlay-gradient":""}},"_themeisle_gutenberg_block_has_review":false,"footnotes":""},"class_list":["post-519","page","type-page","status-publish","hentry"],"_links":{"self":[{"href":"https:\/\/rfinances.fr\/index.php\/wp-json\/wp\/v2\/pages\/519","targetHints":{"allow":["GET"]}}],"collection":[{"href":"https:\/\/rfinances.fr\/index.php\/wp-json\/wp\/v2\/pages"}],"about":[{"href":"https:\/\/rfinances.fr\/index.php\/wp-json\/wp\/v2\/types\/page"}],"author":[{"embeddable":true,"href":"https:\/\/rfinances.fr\/index.php\/wp-json\/wp\/v2\/users\/1"}],"replies":[{"embeddable":true,"href":"https:\/\/rfinances.fr\/index.php\/wp-json\/wp\/v2\/comments?post=519"}],"version-history":[{"count":25,"href":"https:\/\/rfinances.fr\/index.php\/wp-json\/wp\/v2\/pages\/519\/revisions"}],"predecessor-version":[{"id":642,"href":"https:\/\/rfinances.fr\/index.php\/wp-json\/wp\/v2\/pages\/519\/revisions\/642"}],"wp:attachment":[{"href":"https:\/\/rfinances.fr\/index.php\/wp-json\/wp\/v2\/media?parent=519"}],"curies":[{"name":"wp","href":"https:\/\/api.w.org\/{rel}","templated":true}]}}