{"id":3,"date":"2022-12-12T22:49:15","date_gmt":"2022-12-12T21:49:15","guid":{"rendered":"http:\/\/rfinances.fr\/?page_id=3"},"modified":"2025-03-30T18:54:07","modified_gmt":"2025-03-30T16:54:07","slug":"politique-de-confidentialite","status":"publish","type":"page","link":"https:\/\/rfinances.fr\/index.php\/politique-de-confidentialite\/","title":{"rendered":"Mentions l\u00e9gales"},"content":{"rendered":"\n<p>Le site rfinances.fr est la propri\u00e9t\u00e9 de Ressources Finances, au capital social de 1 000 Euros<br><strong>Si\u00e8ge social<\/strong>\u00a0: 38 COURS FAURIEL 42100 SAINT-ETIENNE<br><strong>SIREN <\/strong>: 949622518<br><strong>T\u00e9l\u00e9phone<\/strong>\u00a0: 04 12 39 00 11<\/p>\n\n\n\n<p><strong>Directeur de publication<\/strong>\u00a0: R\u00e9mi BAUDOT \u2013\u00a0contact@rfinances.fr<\/p>\n\n\n\n<p><strong>H\u00e9bergement<\/strong>&nbsp;: OVH, 2 rue Kellermann 59100 Roubaix<\/p>\n\n\n\n<h2 class=\"wp-block-heading\">Propri\u00e9t\u00e9 intellectuelle<\/h2>\n\n\n\n<p>Le site ainsi que tous les \u00e9l\u00e9ments qui le composent, tant sa structure g\u00e9n\u00e9rale que son contenu, sont la propri\u00e9t\u00e9 exclusive de Ressources Finances. Toute exploitation non autoris\u00e9e du site ou de l\u2019un des quelconques \u00e9l\u00e9ments qu\u2019il contient sera consid\u00e9r\u00e9e comme constitutive d\u2019une contrefa\u00e7on et poursuivie conform\u00e9ment aux dispositions des articles L.335-2 et suivants du Code de Propri\u00e9t\u00e9 Intellectuelle.<\/p>\n\n\n\n<h2 class=\"wp-block-heading\">Cookies<\/h2>\n\n\n\n<p>La navigation &nbsp;est susceptible de provoquer l\u2019utilisation de cookies sur l\u2019ordinateur de l\u2019utilisateur.<\/p>\n\n\n\n<p>Lors de la consultation de nos sites Internet, des informations relatives \u00e0 la navigation de votre terminal (ordinateur, tablette, smartphone, etc.) sur nos sites, sont susceptibles d\u2019\u00eatre enregistr\u00e9es dans des fichiers \u00ab&nbsp;Cookies&nbsp;\u00bb install\u00e9s sur votre terminal, sous r\u00e9serve des choix que vous auriez exprim\u00e9s concernant les Cookies et que vous pouvez modifier \u00e0 tout moment.Un Cookie est un petit fichier texte enregistr\u00e9 dans un espace d\u00e9di\u00e9 du disque dur de votre terminal, \u00e0 l\u2019occasion de la consultation d\u2019un service en ligne gr\u00e2ce \u00e0 votre logiciel de navigation. Il permet \u00e0 son \u00e9metteur d\u2019identifier le terminal dans lequel il est enregistr\u00e9, pendant la dur\u00e9e de validit\u00e9 ou d\u2019enregistrement du Cookie.<\/p>\n\n\n\n<h2 class=\"wp-block-heading\"><strong>Conservation et utilisation des donn\u00e9es personnelles<\/strong><\/h2>\n\n\n\n<p>Ressources Finances s\u2019engage \u00e0 ce que la collecte et le traitement de vos donn\u00e9es, effectu\u00e9s \u00e0 partir de notre site Internet, soient conformes au r\u00e8glement g\u00e9n\u00e9ral sur la protection des donn\u00e9es (RGPD) et \u00e0 la loi Informatique et Libert\u00e9s.<\/p>\n\n\n\n<p>Les informations recueillies dans notre formulaire de contact sont enregistr\u00e9es dans un fichier informatis\u00e9 par notre soci\u00e9t\u00e9 afin de communiquer des informations commerciales relatives aux offres et services de la soci\u00e9t\u00e9.<\/p>\n\n\n\n<p>Elles sont conserv\u00e9es pendant 12 mois en cas de non conclusion d\u2019un contrat avec notre soci\u00e9t\u00e9, ces donn\u00e9es sont accessibles uniquement par la direction de la soci\u00e9t\u00e9.<\/p>\n\n\n\n<p>Conform\u00e9ment aux dispositions des articles 38 et suivants de la loi 78-17 du 6 janvier 1978 relative \u00e0 l\u2019informatique, aux fichiers et aux libert\u00e9s, tout utilisateur dispose d\u2019un droit d\u2019acc\u00e8s, de rectification, de suppression et d\u2019opposition aux donn\u00e9es personnelles le concernant.<br>Vous pouvez exercer votre droit d\u2019acc\u00e8s \u00e0 vos donn\u00e9es en contactant via l\u2019adresse email&nbsp;:&nbsp;contact@rfinances.fr<\/p>\n\n\n\n<p><\/p>\n\n\n\n<p><\/p>\n\n\n\n<p><\/p>\n\n\n\n<p><\/p>\n","protected":false},"excerpt":{"rendered":"<p>Le site rfinances.fr est la propri\u00e9t\u00e9 de Ressources Finances, au capital social de 1 000 EurosSi\u00e8ge social\u00a0: 38 COURS FAURIEL 42100 SAINT-ETIENNESIREN : 949622518T\u00e9l\u00e9phone\u00a0: 04 12 39 00 11 Directeur de publication\u00a0: R\u00e9mi BAUDOT \u2013\u00a0contact@rfinances.fr H\u00e9bergement&nbsp;: OVH, 2 rue Kellermann 59100 Roubaix Propri\u00e9t\u00e9 intellectuelle Le site ainsi que tous les \u00e9l\u00e9ments qui le composent, tant [&hellip;]<\/p>\n","protected":false},"author":1,"featured_media":0,"parent":0,"menu_order":0,"comment_status":"closed","ping_status":"open","template":"","meta":{"_seopress_robots_primary_cat":"","_seopress_titles_title":"","_seopress_titles_desc":"","_seopress_robots_index":"","site-sidebar-layout":"default","site-content-layout":"","ast-site-content-layout":"default","site-content-style":"default","site-sidebar-style":"default","ast-global-header-display":"","ast-banner-title-visibility":"","ast-main-header-display":"","ast-hfb-above-header-display":"","ast-hfb-below-header-display":"","ast-hfb-mobile-header-display":"","site-post-title":"","ast-breadcrumbs-content":"","ast-featured-img":"","footer-sml-layout":"","theme-transparent-header-meta":"","adv-header-id-meta":"","stick-header-meta":"","header-above-stick-meta":"","header-main-stick-meta":"","header-below-stick-meta":"","astra-migrate-meta-layouts":"set","ast-page-background-enabled":"default","ast-page-background-meta":{"desktop":{"background-color":"var(--ast-global-color-4)","background-image":"","background-repeat":"repeat","background-position":"center center","background-size":"auto","background-attachment":"scroll","background-type":"","background-media":"","overlay-type":"","overlay-color":"","overlay-opacity":"","overlay-gradient":""},"tablet":{"background-color":"","background-image":"","background-repeat":"repeat","background-position":"center center","background-size":"auto","background-attachment":"scroll","background-type":"","background-media":"","overlay-type":"","overlay-color":"","overlay-opacity":"","overlay-gradient":""},"mobile":{"background-color":"","background-image":"","background-repeat":"repeat","background-position":"center center","background-size":"auto","background-attachment":"scroll","background-type":"","background-media":"","overlay-type":"","overlay-color":"","overlay-opacity":"","overlay-gradient":""}},"ast-content-background-meta":{"desktop":{"background-color":"var(--ast-global-color-5)","background-image":"","background-repeat":"repeat","background-position":"center center","background-size":"auto","background-attachment":"scroll","background-type":"","background-media":"","overlay-type":"","overlay-color":"","overlay-opacity":"","overlay-gradient":""},"tablet":{"background-color":"var(--ast-global-color-5)","background-image":"","background-repeat":"repeat","background-position":"center center","background-size":"auto","background-attachment":"scroll","background-type":"","background-media":"","overlay-type":"","overlay-color":"","overlay-opacity":"","overlay-gradient":""},"mobile":{"background-color":"var(--ast-global-color-5)","background-image":"","background-repeat":"repeat","background-position":"center center","background-size":"auto","background-attachment":"scroll","background-type":"","background-media":"","overlay-type":"","overlay-color":"","overlay-opacity":"","overlay-gradient":""}},"_themeisle_gutenberg_block_has_review":false,"footnotes":""},"class_list":["post-3","page","type-page","status-publish","hentry"],"_links":{"self":[{"href":"https:\/\/rfinances.fr\/index.php\/wp-json\/wp\/v2\/pages\/3","targetHints":{"allow":["GET"]}}],"collection":[{"href":"https:\/\/rfinances.fr\/index.php\/wp-json\/wp\/v2\/pages"}],"about":[{"href":"https:\/\/rfinances.fr\/index.php\/wp-json\/wp\/v2\/types\/page"}],"author":[{"embeddable":true,"href":"https:\/\/rfinances.fr\/index.php\/wp-json\/wp\/v2\/users\/1"}],"replies":[{"embeddable":true,"href":"https:\/\/rfinances.fr\/index.php\/wp-json\/wp\/v2\/comments?post=3"}],"version-history":[{"count":6,"href":"https:\/\/rfinances.fr\/index.php\/wp-json\/wp\/v2\/pages\/3\/revisions"}],"predecessor-version":[{"id":513,"href":"https:\/\/rfinances.fr\/index.php\/wp-json\/wp\/v2\/pages\/3\/revisions\/513"}],"wp:attachment":[{"href":"https:\/\/rfinances.fr\/index.php\/wp-json\/wp\/v2\/media?parent=3"}],"curies":[{"name":"wp","href":"https:\/\/api.w.org\/{rel}","templated":true}]}}